{"id":849,"date":"2023-06-27T16:33:28","date_gmt":"2023-06-27T16:33:28","guid":{"rendered":"https:\/\/nhood.pt\/life-at-hood\/"},"modified":"2024-09-20T14:42:37","modified_gmt":"2024-09-20T14:42:37","slug":"life-at-nhood","status":"publish","type":"page","link":"https:\/\/nhood.pt\/en\/life-at-nhood\/","title":{"rendered":"Life at Nhood"},"content":{"rendered":"<section class=\"css-0\" style=\"position:relative;\">\n    <div class=\"breadcrumbs\">\n        <div class=\"container\">\n                            <span><span><a href=\"https:\/\/nhood.pt\/en\/\">Home<\/a><\/span><\/span>\n                    <\/div>\n    <\/div>\n    \n    <div class=\"css-r9czi3\" style=\"background-image: linear-gradient(70deg, rgb(0, 136, 55) 0%, rgba(18, 18, 20, 0.267) 50%), url(https:\/\/nhood.pt\/wp-content\/uploads\/2023\/07\/life_nhood_Header_dc7e2a29f1-1.webp);\">\n\t\t<div class=\"css-i0q1v1\">\n            <img loading=\"lazy\" decoding=\"async\" width=\"474\" height=\"155\" src=\"https:\/\/nhood.pt\/wp-content\/uploads\/2023\/06\/lifeAtHood.svg\" class=\"\" alt=\"\" \/>\n        <\/div>\n\t<\/div>\n<\/section>\n\n\n<section class=\"homeintro homeintro--has-margin\" id=\"intro\">\n\t<div class=\"container homeintro__container\">\n\t\t<h2 class=\"chakra-heading css-951h78\">Proximity that allows us to have, to enjoy and to be<\/h2>\n\t\t<div class=\"intro--small\"><p>Life at Nhood happens when our organisational culture, values and benefits multiply into positive impact for our people. Driven by #empowerment, we celebrate our shared achievements (and of course, we have our share of parties).<\/p>\n<\/div>\n\t<\/div>\n<\/section>\n\n\n<section class=\"css-1aj7xpr gallerySlider\">\n\t<div class=\"css-1oen8lo\">\n\t\t<div class=\"css-1ecphny\" style=\"position: absolute;\"><\/div>\n\t\t<div class=\"css-141mkd2\" style=\"position: absolute;\"><\/div>\n\t\t<div class=\"css-1dfptg7 carouselGallery\">\n\t\t\t<button aria-label=\"Back\" class=\"buttonBack___1mlaL carousel__back-button chakra-button css-1n2h4a6\" disabled=\"\">\n\t\t\t\t<svg viewbox=\"0 0 24 24\" focusable=\"false\" class=\"chakra-icon css-10l5ruy\" aria-hidden=\"true\">\n\t\t\t\t\t<path fill=\"currentColor\" d=\"M15.41 7.41L14 6l-6 6 6 6 1.41-1.41L10.83 12z\"><\/path>\n\t\t\t\t<\/svg>\n\t\t\t<\/button>\n\t\t\t<div class=\"css-79elbk swiper-wrapper\">\n\t\t\t\t\t\t\t\t\t<div class=\"swiper-slide\">\n\t\t\t\t\t\t<img loading=\"lazy\" decoding=\"async\" width=\"1024\" height=\"556\" src=\"https:\/\/nhood.pt\/wp-content\/uploads\/2023\/07\/life_nhood_foto1_9babc59d34-1024x556.webp\" class=\"\" alt=\"\" srcset=\"https:\/\/nhood.pt\/wp-content\/uploads\/2023\/07\/life_nhood_foto1_9babc59d34-1024x556.webp 1024w, https:\/\/nhood.pt\/wp-content\/uploads\/2023\/07\/life_nhood_foto1_9babc59d34-300x163.webp 300w, https:\/\/nhood.pt\/wp-content\/uploads\/2023\/07\/life_nhood_foto1_9babc59d34-768x417.webp 768w, https:\/\/nhood.pt\/wp-content\/uploads\/2023\/07\/life_nhood_foto1_9babc59d34.webp 1050w\" sizes=\"auto, (max-width: 1024px) 100vw, 1024px\" \/>\n\t\t\t\t\t<\/div>\n\t\t\t\t\t\t\t<\/div>\n\t\t\t<button aria-label=\"Next\" class=\"buttonNext___2mOCa carousel__next-button chakra-button css-khbj28\">\n\t\t\t\t<svg viewbox=\"0 0 24 24\" focusable=\"false\" class=\"chakra-icon css-10l5ruy\" aria-hidden=\"true\">\n\t\t\t\t\t<path fill=\"currentColor\" d=\"M10 6L8.59 7.41 13.17 12l-4.58 4.59L10 18l6-6z\"><\/path>\n\t\t\t\t<\/svg>\n\t\t\t<\/button>\n\t\t<\/div>\n        <div class=\"gallerySliderPagination swiper-pagination\"><\/div>\n\t<\/div>\n<\/section>\n\n\n<section class=\"css-ry3f42 \n                \n                \n                css-ry3f42--accordeon\n                \" style=\"background-color: rgba(8,78,134,0.09);\">\n    <div class=\"css-1numcnk\" x-data=\"{ open : false }\">\n\t\t<div class=\"css-jw23y\" style=\"background-image: url(https:\/\/nhood.pt\/wp-content\/uploads\/2023\/07\/life_nhood_ter_0ffa8c6525.webp);\"><\/div>\n\t\t<div class=\"css-10q9fvr\">\n\t\t\t<div class=\"css-1b9ognj\">\n                                    <div class=\"topTitleWrapper\" @click=\"open = !open\">\n                \n\t\t\t\t<h2 class=\"chakra-heading css-ikrapd\">To have<\/h2>\n                                        <div class=\"css-q71mr9\">\n                            <svg stroke=\"currentColor\" x-show=\"!open\" fill=\"none\" stroke-width=\"2\" viewBox=\"0 0 24 24\" stroke-linecap=\"round\" stroke-linejoin=\"round\" font-size=\"16px\" color=\"green\" height=\"1em\" width=\"1em\" xmlns=\"http:\/\/www.w3.org\/2000\/svg\" style=\"color: green;\"><line x1=\"12\" y1=\"5\" x2=\"12\" y2=\"19\"><\/line><line x1=\"5\" y1=\"12\" x2=\"19\" y2=\"12\"><\/line><\/svg>\n                            <svg stroke=\"currentColor\" x-show=\"open\" fill=\"none\" stroke-width=\"2\" viewBox=\"0 0 24 24\" stroke-linecap=\"round\" stroke-linejoin=\"round\" font-size=\"16px\" color=\"green.600\" height=\"1em\" width=\"1em\" xmlns=\"http:\/\/www.w3.org\/2000\/svg\"><line x1=\"5\" y1=\"12\" x2=\"19\" y2=\"12\"><\/line><\/svg>\n                        <\/div>\n                    <\/div>\n                    <div class=\"accordeonWrapper\" x-show=\"open\">\n                \n\t\t\t\t<div class=\"chakra-text css-wlvq6n\">\n\t\t\t\t\t<ul>\n<li>Welcome Kit, with survival basics for all Nhooders<\/li>\n<li>2 holidays a year #RestWithoutStress<\/li>\n<li>1 extra day in December (Santa knows best!)<\/li>\n<li>Birthday = free afternoon \ud83e\udd73<\/li>\n<li>If it&#8217;s July or August, Friday afternoons off are on us<\/li>\n<li>Locker to store all your treasures and Tupperware<\/li>\n<li>Access to Hood Train, our continuous training plan<\/li>\n<li>International opportunities. Yes, we are in 10 countries<\/li>\n<li>Synergy with AFM ecosystem. We are cousins of brands such as: Auchan, Leroy Merlin, Decathlon \ud83e\udd1d<\/li>\n<\/ul>\n\n\t\t\t\t<\/div>\n                                    <\/div>\n                \t\t\t<\/div>\n\t\t\t\t\t<\/div>\n\t<\/div>\n<\/section>\n\n<section class=\"css-ry3f42 \n                css-ry3f42--no-bg\n                css-ry3f42--reverse\n                css-ry3f42--accordeon\n                \" style=\"background-color: ;\">\n    <div class=\"css-1numcnk\" x-data=\"{ open : false }\">\n\t\t<div class=\"css-jw23y\" style=\"background-image: url(https:\/\/nhood.pt\/wp-content\/uploads\/2023\/07\/Header_193c351bc5.webp);\"><\/div>\n\t\t<div class=\"css-10q9fvr\">\n\t\t\t<div class=\"css-1b9ognj\">\n                                    <div class=\"topTitleWrapper\" @click=\"open = !open\">\n                \n\t\t\t\t<h2 class=\"chakra-heading css-ikrapd\">To enjoy<\/h2>\n                                        <div class=\"css-q71mr9\">\n                            <svg stroke=\"currentColor\" x-show=\"!open\" fill=\"none\" stroke-width=\"2\" viewBox=\"0 0 24 24\" stroke-linecap=\"round\" stroke-linejoin=\"round\" font-size=\"16px\" color=\"green\" height=\"1em\" width=\"1em\" xmlns=\"http:\/\/www.w3.org\/2000\/svg\" style=\"color: green;\"><line x1=\"12\" y1=\"5\" x2=\"12\" y2=\"19\"><\/line><line x1=\"5\" y1=\"12\" x2=\"19\" y2=\"12\"><\/line><\/svg>\n                            <svg stroke=\"currentColor\" x-show=\"open\" fill=\"none\" stroke-width=\"2\" viewBox=\"0 0 24 24\" stroke-linecap=\"round\" stroke-linejoin=\"round\" font-size=\"16px\" color=\"green.600\" height=\"1em\" width=\"1em\" xmlns=\"http:\/\/www.w3.org\/2000\/svg\"><line x1=\"5\" y1=\"12\" x2=\"19\" y2=\"12\"><\/line><\/svg>\n                        <\/div>\n                    <\/div>\n                    <div class=\"accordeonWrapper\" x-show=\"open\">\n                \n\t\t\t\t<div class=\"chakra-text css-wlvq6n\">\n\t\t\t\t\t<ul>\n<li>Offices in the centre of Lisbon and other locations where we have projects<\/li>\n<li>Free and e-friendly parking<\/li>\n<li>Electric scooter hub \ud83d\udef4<\/li>\n<li>Fully equipped kitchen, fit for the most gourmet lunch boxes<\/li>\n<li>Snacks &amp; goodies in the office<\/li>\n<li>Terraces for the occasional inspired moment<\/li>\n<li>Parties, festivals, barbecues&#8230; we go to them all \ud83d\udc83\ud83d\udd7a<\/li>\n<\/ul>\n\n\t\t\t\t<\/div>\n                                    <\/div>\n                \t\t\t<\/div>\n\t\t\t\t\t<\/div>\n\t<\/div>\n<\/section>\n\n<section class=\"css-ry3f42 \n                \n                \n                css-ry3f42--accordeon\n                \" style=\"background-color: rgba(108,199,184,0.05);\">\n    <div class=\"css-1numcnk\" x-data=\"{ open : false }\">\n\t\t<div class=\"css-jw23y\" style=\"background-image: url(https:\/\/nhood.pt\/wp-content\/uploads\/2023\/07\/life_nhood_ser_9d4969cb1a.webp);\"><\/div>\n\t\t<div class=\"css-10q9fvr\">\n\t\t\t<div class=\"css-1b9ognj\">\n                                    <div class=\"topTitleWrapper\" @click=\"open = !open\">\n                \n\t\t\t\t<h2 class=\"chakra-heading css-ikrapd\">To be<\/h2>\n                                        <div class=\"css-q71mr9\">\n                            <svg stroke=\"currentColor\" x-show=\"!open\" fill=\"none\" stroke-width=\"2\" viewBox=\"0 0 24 24\" stroke-linecap=\"round\" stroke-linejoin=\"round\" font-size=\"16px\" color=\"green\" height=\"1em\" width=\"1em\" xmlns=\"http:\/\/www.w3.org\/2000\/svg\" style=\"color: green;\"><line x1=\"12\" y1=\"5\" x2=\"12\" y2=\"19\"><\/line><line x1=\"5\" y1=\"12\" x2=\"19\" y2=\"12\"><\/line><\/svg>\n                            <svg stroke=\"currentColor\" x-show=\"open\" fill=\"none\" stroke-width=\"2\" viewBox=\"0 0 24 24\" stroke-linecap=\"round\" stroke-linejoin=\"round\" font-size=\"16px\" color=\"green.600\" height=\"1em\" width=\"1em\" xmlns=\"http:\/\/www.w3.org\/2000\/svg\"><line x1=\"5\" y1=\"12\" x2=\"19\" y2=\"12\"><\/line><\/svg>\n                        <\/div>\n                    <\/div>\n                    <div class=\"accordeonWrapper\" x-show=\"open\">\n                \n\t\t\t\t<div class=\"chakra-text css-wlvq6n\">\n\t\t\t\t\t<ul>\n<li>Diversity and inclusion, everyone is welcome in our neighbourhood<\/li>\n<li>No dress code #NhoodistasMasN\u00e3oTanto \ud83d\ude0f<\/li>\n<li>Health insurance for the whole family<\/li>\n<li>PowerUp program, continuous feedback and recognition with individual performance awards, to help us go further every day. \ud83c\udfc3<\/li>\n<li>Family n&#8217;Hood: nursery vouchers, newborn kit, summer camps, gifts from Santa<\/li>\n<li>Shareholders in power, participation in ValPortugal, our shareholding program<\/li>\n<li>Participation in results, because together we go further<\/li>\n<li>Team building or volunteering? Both!<\/li>\n<li>Access to the Funda\u00e7\u00e3o P\u00e3o de A\u00e7\u00facar, always there to support our Nhooders<\/li>\n<\/ul>\n\n\t\t\t\t<\/div>\n                                    <\/div>\n                \t\t\t<\/div>\n\t\t\t\t\t<\/div>\n\t<\/div>\n<\/section>\n\n<section class=\"home-cwv\">\n\t<div class=\"container\">\n\t\t<div class=\"home-cwv__wrapper\">\n\t\t\t<div class=\"home-cwv__box\">\n\t\t\t\t<span style=\"box-sizing: border-box; display: block; overflow: hidden; width: initial; height: initial; background: none; opacity: 1; border: 0px; margin: 0px; padding: 0px; position: relative;\">\n\t\t\t\t\t<span style=\"box-sizing: border-box; display: block; width: initial; height: initial; background: none; opacity: 1; border: 0px; margin: 0px; padding: 83.3333% 0px 0px;\"><\/span>\n                    <img loading=\"lazy\" decoding=\"async\" width=\"600\" height=\"500\" src=\"https:\/\/nhood.pt\/wp-content\/uploads\/2023\/07\/life_nhood_CTA_104e852d83.webp\" class=\"\" alt=\"\" srcset=\"https:\/\/nhood.pt\/wp-content\/uploads\/2023\/07\/life_nhood_CTA_104e852d83.webp 600w, https:\/\/nhood.pt\/wp-content\/uploads\/2023\/07\/life_nhood_CTA_104e852d83-300x250.webp 300w\" sizes=\"auto, (max-width: 600px) 100vw, 600px\" \/>\n\t\t\t\t<\/span>\n\t\t\t<\/div>\n\t\t\t<div class=\"home-cwv__caixa\" >\n                <div class=\"home-cwv__caixa-bg\" style=\"background: #084E86\"><\/div>\n\t\t\t\t<div text-align=\"center\" class=\"home-cwv__caixaWrapper\">\n\t\t\t\t\t<h2 class=\"chakra-heading css-i63dba\">Nhooder wanted<\/h2>\n\t\t\t\t\t\t\t\t\t\t\t<div class=\"chakra-text css-0 contentp\"><p>Around here, we&#8217;re always on the lookout for new neighbours who want to join the neighbourhood. Anyone listening?<\/p>\n<\/div>\n\t\t\t\t\t\n\t\t\t\t\t<a class=\"button-green css-1ffkw6d\" rel=\"noopener noreferrer\" href=\"mailto:talent@nhood.com\">\n\t\t\t\t\t\tSEND CV \ud83d\ude80\n\t\t\t\t\t<\/a>\n\t\t\t\t<\/div>\n\t\t\t<\/div>\n\t\t<\/div>\n\t<\/div>\n<\/section>\n","protected":false},"excerpt":{"rendered":"","protected":false},"author":1,"featured_media":0,"parent":0,"menu_order":0,"comment_status":"closed","ping_status":"closed","template":"","meta":{"_acf_changed":false,"footnotes":""},"class_list":["post-849","page","type-page","status-publish","hentry"],"acf":[],"yoast_head":"<!-- This site is optimized with the Yoast SEO plugin v26.5 - https:\/\/yoast.com\/wordpress\/plugins\/seo\/ -->\n<title>Life at Nhood - nhood<\/title>\n<meta name=\"robots\" content=\"index, follow, max-snippet:-1, max-image-preview:large, max-video-preview:-1\" \/>\n<link rel=\"canonical\" href=\"https:\/\/nhood.pt\/en\/life-at-nhood\/\" \/>\n<meta property=\"og:locale\" content=\"en_US\" \/>\n<meta property=\"og:type\" content=\"article\" \/>\n<meta property=\"og:title\" content=\"Life at Nhood - nhood\" \/>\n<meta property=\"og:url\" content=\"https:\/\/nhood.pt\/en\/life-at-nhood\/\" \/>\n<meta property=\"og:site_name\" content=\"nhood\" \/>\n<meta property=\"article:modified_time\" content=\"2024-09-20T14:42:37+00:00\" \/>\n<meta name=\"twitter:card\" content=\"summary_large_image\" \/>\n<script type=\"application\/ld+json\" class=\"yoast-schema-graph\">{\"@context\":\"https:\/\/schema.org\",\"@graph\":[{\"@type\":\"WebPage\",\"@id\":\"https:\/\/nhood.pt\/en\/life-at-nhood\/\",\"url\":\"https:\/\/nhood.pt\/en\/life-at-nhood\/\",\"name\":\"Life at Nhood - nhood\",\"isPartOf\":{\"@id\":\"https:\/\/nhood.pt\/#website\"},\"datePublished\":\"2023-06-27T16:33:28+00:00\",\"dateModified\":\"2024-09-20T14:42:37+00:00\",\"breadcrumb\":{\"@id\":\"https:\/\/nhood.pt\/en\/life-at-nhood\/#breadcrumb\"},\"inLanguage\":\"en-US\",\"potentialAction\":[{\"@type\":\"ReadAction\",\"target\":[\"https:\/\/nhood.pt\/en\/life-at-nhood\/\"]}]},{\"@type\":\"BreadcrumbList\",\"@id\":\"https:\/\/nhood.pt\/en\/life-at-nhood\/#breadcrumb\",\"itemListElement\":[{\"@type\":\"ListItem\",\"position\":1,\"name\":\"Home\",\"item\":\"https:\/\/nhood.pt\/en\/\"},{\"@type\":\"ListItem\",\"position\":2,\"name\":\"Life at Nhood\"}]},{\"@type\":\"WebSite\",\"@id\":\"https:\/\/nhood.pt\/#website\",\"url\":\"https:\/\/nhood.pt\/\",\"name\":\"nhood\",\"description\":\"\",\"publisher\":{\"@id\":\"https:\/\/nhood.pt\/#organization\"},\"potentialAction\":[{\"@type\":\"SearchAction\",\"target\":{\"@type\":\"EntryPoint\",\"urlTemplate\":\"https:\/\/nhood.pt\/?s={search_term_string}\"},\"query-input\":{\"@type\":\"PropertyValueSpecification\",\"valueRequired\":true,\"valueName\":\"search_term_string\"}}],\"inLanguage\":\"en-US\"},{\"@type\":\"Organization\",\"@id\":\"https:\/\/nhood.pt\/#organization\",\"name\":\"nhood\",\"url\":\"https:\/\/nhood.pt\/\",\"logo\":{\"@type\":\"ImageObject\",\"inLanguage\":\"en-US\",\"@id\":\"https:\/\/nhood.pt\/#\/schema\/logo\/image\/\",\"url\":\"https:\/\/nhood.pt\/wp-content\/uploads\/2023\/06\/logograd.svg\",\"contentUrl\":\"https:\/\/nhood.pt\/wp-content\/uploads\/2023\/06\/logograd.svg\",\"width\":168,\"height\":77,\"caption\":\"nhood\"},\"image\":{\"@id\":\"https:\/\/nhood.pt\/#\/schema\/logo\/image\/\"}}]}<\/script>\n<!-- \/ Yoast SEO plugin. -->","yoast_head_json":{"title":"Life at Nhood - nhood","robots":{"index":"index","follow":"follow","max-snippet":"max-snippet:-1","max-image-preview":"max-image-preview:large","max-video-preview":"max-video-preview:-1"},"canonical":"https:\/\/nhood.pt\/en\/life-at-nhood\/","og_locale":"en_US","og_type":"article","og_title":"Life at Nhood - nhood","og_url":"https:\/\/nhood.pt\/en\/life-at-nhood\/","og_site_name":"nhood","article_modified_time":"2024-09-20T14:42:37+00:00","twitter_card":"summary_large_image","schema":{"@context":"https:\/\/schema.org","@graph":[{"@type":"WebPage","@id":"https:\/\/nhood.pt\/en\/life-at-nhood\/","url":"https:\/\/nhood.pt\/en\/life-at-nhood\/","name":"Life at Nhood - nhood","isPartOf":{"@id":"https:\/\/nhood.pt\/#website"},"datePublished":"2023-06-27T16:33:28+00:00","dateModified":"2024-09-20T14:42:37+00:00","breadcrumb":{"@id":"https:\/\/nhood.pt\/en\/life-at-nhood\/#breadcrumb"},"inLanguage":"en-US","potentialAction":[{"@type":"ReadAction","target":["https:\/\/nhood.pt\/en\/life-at-nhood\/"]}]},{"@type":"BreadcrumbList","@id":"https:\/\/nhood.pt\/en\/life-at-nhood\/#breadcrumb","itemListElement":[{"@type":"ListItem","position":1,"name":"Home","item":"https:\/\/nhood.pt\/en\/"},{"@type":"ListItem","position":2,"name":"Life at Nhood"}]},{"@type":"WebSite","@id":"https:\/\/nhood.pt\/#website","url":"https:\/\/nhood.pt\/","name":"nhood","description":"","publisher":{"@id":"https:\/\/nhood.pt\/#organization"},"potentialAction":[{"@type":"SearchAction","target":{"@type":"EntryPoint","urlTemplate":"https:\/\/nhood.pt\/?s={search_term_string}"},"query-input":{"@type":"PropertyValueSpecification","valueRequired":true,"valueName":"search_term_string"}}],"inLanguage":"en-US"},{"@type":"Organization","@id":"https:\/\/nhood.pt\/#organization","name":"nhood","url":"https:\/\/nhood.pt\/","logo":{"@type":"ImageObject","inLanguage":"en-US","@id":"https:\/\/nhood.pt\/#\/schema\/logo\/image\/","url":"https:\/\/nhood.pt\/wp-content\/uploads\/2023\/06\/logograd.svg","contentUrl":"https:\/\/nhood.pt\/wp-content\/uploads\/2023\/06\/logograd.svg","width":168,"height":77,"caption":"nhood"},"image":{"@id":"https:\/\/nhood.pt\/#\/schema\/logo\/image\/"}}]}},"_links":{"self":[{"href":"https:\/\/nhood.pt\/en\/wp-json\/wp\/v2\/pages\/849","targetHints":{"allow":["GET"]}}],"collection":[{"href":"https:\/\/nhood.pt\/en\/wp-json\/wp\/v2\/pages"}],"about":[{"href":"https:\/\/nhood.pt\/en\/wp-json\/wp\/v2\/types\/page"}],"author":[{"embeddable":true,"href":"https:\/\/nhood.pt\/en\/wp-json\/wp\/v2\/users\/1"}],"replies":[{"embeddable":true,"href":"https:\/\/nhood.pt\/en\/wp-json\/wp\/v2\/comments?post=849"}],"version-history":[{"count":20,"href":"https:\/\/nhood.pt\/en\/wp-json\/wp\/v2\/pages\/849\/revisions"}],"predecessor-version":[{"id":4185,"href":"https:\/\/nhood.pt\/en\/wp-json\/wp\/v2\/pages\/849\/revisions\/4185"}],"wp:attachment":[{"href":"https:\/\/nhood.pt\/en\/wp-json\/wp\/v2\/media?parent=849"}],"curies":[{"name":"wp","href":"https:\/\/api.w.org\/{rel}","templated":true}]}}